{"id":974,"date":"2017-03-25T00:14:43","date_gmt":"2017-03-25T00:14:43","guid":{"rendered":"https:\/\/amplifiedcreations.com\/?page_id=974"},"modified":"2018-03-01T20:29:19","modified_gmt":"2018-03-01T20:29:19","slug":"workwithus","status":"publish","type":"page","link":"https:\/\/amplifiedcreations.com\/en\/workwithus\/","title":{"rendered":"Work with us"},"content":{"rendered":"<p class=\"qtranxs-available-languages-message qtranxs-available-languages-message-en\">Sorry, this entry is only available in <a href=\"https:\/\/amplifiedcreations.com\/pt\/wp-json\/wp\/v2\/pages\/974\" class=\"qtranxs-available-language-link qtranxs-available-language-link-pt\" title=\"Portugu\u00eas\">Portugu\u00eas<\/a>.<\/p>","protected":false},"excerpt":{"rendered":"<p>Sorry, this entry is only available in Portugu\u00eas.<\/p>\n","protected":false},"author":1,"featured_media":0,"parent":0,"menu_order":0,"comment_status":"closed","ping_status":"closed","template":"page-project.php","meta":{"content-type":"","_exactmetrics_skip_tracking":false,"_exactmetrics_sitenote_active":false,"_exactmetrics_sitenote_note":"","_exactmetrics_sitenote_category":0,"jetpack_post_was_ever_published":false,"footnotes":""},"yoast_head":"<!-- This site is optimized with the Yoast SEO plugin v22.4 - https:\/\/yoast.com\/wordpress\/plugins\/seo\/ -->\n<title>Work with us - amplified creations\u00ae _ Digital creation &amp; web agency<\/title>\n<meta name=\"description\" content=\"(Portugu\u00eas) Pe\u00e7a-nos or\u00e7amentos gr\u00e1tis e sem compromisso. Vamos trabalhar juntos e tornar as ideias em projetos de sucesso. Iremos analisar a sua ideia, e daremos um or\u00e7amento sem compromisso e ajust\u00e1vel de maneira a realizar a sua ideia.\" \/>\n<meta name=\"robots\" content=\"index, follow, max-snippet:-1, max-image-preview:large, max-video-preview:-1\" \/>\n<link rel=\"canonical\" href=\"https:\/\/amplifiedcreations.com\/en\/workwithus\/\" \/>\n<meta property=\"og:locale\" content=\"en_US\" \/>\n<meta property=\"og:type\" content=\"article\" \/>\n<meta property=\"og:title\" content=\"Work with us - amplified creations\u00ae _ Digital creation &amp; web agency\" \/>\n<meta property=\"og:description\" content=\"(Portugu\u00eas) Pe\u00e7a-nos or\u00e7amentos gr\u00e1tis e sem compromisso. Vamos trabalhar juntos e tornar as ideias em projetos de sucesso. Iremos analisar a sua ideia, e daremos um or\u00e7amento sem compromisso e ajust\u00e1vel de maneira a realizar a sua ideia.\" \/>\n<meta property=\"og:url\" content=\"https:\/\/amplifiedcreations.com\/en\/workwithus\/\" \/>\n<meta property=\"og:site_name\" content=\"amplified creations\u00ae _ Digital creation &amp; web agency\" \/>\n<meta property=\"article:publisher\" content=\"https:\/\/www.facebook.com\/amplifiedcreations\/\" \/>\n<meta property=\"article:modified_time\" content=\"2018-03-01T20:29:19+00:00\" \/>\n<meta property=\"og:image\" content=\"https:\/\/i0.wp.com\/amplifiedcreations.com\/wp-content\/uploads\/2018\/01\/og_amplified.jpg?fit=2400%2C1260&ssl=1\" \/>\n\t<meta property=\"og:image:width\" content=\"2400\" \/>\n\t<meta property=\"og:image:height\" content=\"1260\" \/>\n\t<meta property=\"og:image:type\" content=\"image\/jpeg\" \/>\n<meta name=\"twitter:card\" content=\"summary_large_image\" \/>\n<meta name=\"twitter:site\" content=\"@werampcreations\" \/>\n<script type=\"application\/ld+json\" class=\"yoast-schema-graph\">{\"@context\":\"https:\/\/schema.org\",\"@graph\":[{\"@type\":\"WebPage\",\"@id\":\"https:\/\/amplifiedcreations.com\/en\/workwithus\/\",\"url\":\"https:\/\/amplifiedcreations.com\/en\/workwithus\/\",\"name\":\"Work with us - amplified creations\u00ae _ Digital creation &amp; web agency\",\"isPartOf\":{\"@id\":\"https:\/\/amplifiedcreations.com\/#website\"},\"datePublished\":\"2017-03-25T00:14:43+00:00\",\"dateModified\":\"2018-03-01T20:29:19+00:00\",\"description\":\"(Portugu\u00eas) Pe\u00e7a-nos or\u00e7amentos gr\u00e1tis e sem compromisso. Vamos trabalhar juntos e tornar as ideias em projetos de sucesso. Iremos analisar a sua ideia, e daremos um or\u00e7amento sem compromisso e ajust\u00e1vel de maneira a realizar a sua ideia.\",\"breadcrumb\":{\"@id\":\"https:\/\/amplifiedcreations.com\/en\/workwithus\/#breadcrumb\"},\"inLanguage\":\"en-US\",\"potentialAction\":[{\"@type\":\"ReadAction\",\"target\":[\"https:\/\/amplifiedcreations.com\/en\/workwithus\/\"]}]},{\"@type\":\"BreadcrumbList\",\"@id\":\"https:\/\/amplifiedcreations.com\/en\/workwithus\/#breadcrumb\",\"itemListElement\":[{\"@type\":\"ListItem\",\"position\":1,\"name\":\"Home\",\"item\":\"https:\/\/amplifiedcreations.com\/\"},{\"@type\":\"ListItem\",\"position\":2,\"name\":\"Work with us\"}]},{\"@type\":\"WebSite\",\"@id\":\"https:\/\/amplifiedcreations.com\/#website\",\"url\":\"https:\/\/amplifiedcreations.com\/\",\"name\":\"amplified creations\u00ae _ Digital creation &amp; web agency\",\"description\":\"Ag\u00eancia de Webdesign, Branding, Aplica\u00e7\u00f5es M\u00f3veis &amp; Estrat\u00e9gia de Neg\u00f3cios.\",\"publisher\":{\"@id\":\"https:\/\/amplifiedcreations.com\/#organization\"},\"potentialAction\":[{\"@type\":\"SearchAction\",\"target\":{\"@type\":\"EntryPoint\",\"urlTemplate\":\"https:\/\/amplifiedcreations.com\/?s={search_term_string}\"},\"query-input\":\"required name=search_term_string\"}],\"inLanguage\":\"en-US\"},{\"@type\":\"Organization\",\"@id\":\"https:\/\/amplifiedcreations.com\/#organization\",\"name\":\"amplified creations\",\"url\":\"https:\/\/amplifiedcreations.com\/\",\"logo\":{\"@type\":\"ImageObject\",\"inLanguage\":\"en-US\",\"@id\":\"https:\/\/amplifiedcreations.com\/#\/schema\/logo\/image\/\",\"url\":\"https:\/\/i2.wp.com\/amplifiedcreations.com\/wp-content\/uploads\/2018\/01\/Logo_and_morestuff.jpg?fit=1000%2C808&ssl=1\",\"contentUrl\":\"https:\/\/i2.wp.com\/amplifiedcreations.com\/wp-content\/uploads\/2018\/01\/Logo_and_morestuff.jpg?fit=1000%2C808&ssl=1\",\"width\":1000,\"height\":808,\"caption\":\"amplified creations\"},\"image\":{\"@id\":\"https:\/\/amplifiedcreations.com\/#\/schema\/logo\/image\/\"},\"sameAs\":[\"https:\/\/www.facebook.com\/amplifiedcreations\/\",\"https:\/\/twitter.com\/werampcreations\",\"https:\/\/www.instagram.com\/amplifiedcreations\/\",\"https:\/\/www.linkedin.com\/company\/10042537\/\",\"https:\/\/www.youtube.com\/user\/WeRAmpCreations\"]}]}<\/script>\n<!-- \/ Yoast SEO plugin. -->","yoast_head_json":{"title":"Work with us - amplified creations\u00ae _ Digital creation &amp; web agency","description":"(Portugu\u00eas) Pe\u00e7a-nos or\u00e7amentos gr\u00e1tis e sem compromisso. Vamos trabalhar juntos e tornar as ideias em projetos de sucesso. Iremos analisar a sua ideia, e daremos um or\u00e7amento sem compromisso e ajust\u00e1vel de maneira a realizar a sua ideia.","robots":{"index":"index","follow":"follow","max-snippet":"max-snippet:-1","max-image-preview":"max-image-preview:large","max-video-preview":"max-video-preview:-1"},"canonical":"https:\/\/amplifiedcreations.com\/en\/workwithus\/","og_locale":"en_US","og_type":"article","og_title":"Work with us - amplified creations\u00ae _ Digital creation &amp; web agency","og_description":"(Portugu\u00eas) Pe\u00e7a-nos or\u00e7amentos gr\u00e1tis e sem compromisso. Vamos trabalhar juntos e tornar as ideias em projetos de sucesso. Iremos analisar a sua ideia, e daremos um or\u00e7amento sem compromisso e ajust\u00e1vel de maneira a realizar a sua ideia.","og_url":"https:\/\/amplifiedcreations.com\/en\/workwithus\/","og_site_name":"amplified creations\u00ae _ Digital creation &amp; web agency","article_publisher":"https:\/\/www.facebook.com\/amplifiedcreations\/","article_modified_time":"2018-03-01T20:29:19+00:00","og_image":[{"width":2400,"height":1260,"url":"https:\/\/i0.wp.com\/amplifiedcreations.com\/wp-content\/uploads\/2018\/01\/og_amplified.jpg?fit=2400%2C1260&ssl=1","type":"image\/jpeg"}],"twitter_card":"summary_large_image","twitter_site":"@werampcreations","schema":{"@context":"https:\/\/schema.org","@graph":[{"@type":"WebPage","@id":"https:\/\/amplifiedcreations.com\/en\/workwithus\/","url":"https:\/\/amplifiedcreations.com\/en\/workwithus\/","name":"Work with us - amplified creations\u00ae _ Digital creation &amp; web agency","isPartOf":{"@id":"https:\/\/amplifiedcreations.com\/#website"},"datePublished":"2017-03-25T00:14:43+00:00","dateModified":"2018-03-01T20:29:19+00:00","description":"(Portugu\u00eas) Pe\u00e7a-nos or\u00e7amentos gr\u00e1tis e sem compromisso. Vamos trabalhar juntos e tornar as ideias em projetos de sucesso. Iremos analisar a sua ideia, e daremos um or\u00e7amento sem compromisso e ajust\u00e1vel de maneira a realizar a sua ideia.","breadcrumb":{"@id":"https:\/\/amplifiedcreations.com\/en\/workwithus\/#breadcrumb"},"inLanguage":"en-US","potentialAction":[{"@type":"ReadAction","target":["https:\/\/amplifiedcreations.com\/en\/workwithus\/"]}]},{"@type":"BreadcrumbList","@id":"https:\/\/amplifiedcreations.com\/en\/workwithus\/#breadcrumb","itemListElement":[{"@type":"ListItem","position":1,"name":"Home","item":"https:\/\/amplifiedcreations.com\/"},{"@type":"ListItem","position":2,"name":"Work with us"}]},{"@type":"WebSite","@id":"https:\/\/amplifiedcreations.com\/#website","url":"https:\/\/amplifiedcreations.com\/","name":"amplified creations\u00ae _ Digital creation &amp; web agency","description":"Ag\u00eancia de Webdesign, Branding, Aplica\u00e7\u00f5es M\u00f3veis &amp; Estrat\u00e9gia de Neg\u00f3cios.","publisher":{"@id":"https:\/\/amplifiedcreations.com\/#organization"},"potentialAction":[{"@type":"SearchAction","target":{"@type":"EntryPoint","urlTemplate":"https:\/\/amplifiedcreations.com\/?s={search_term_string}"},"query-input":"required name=search_term_string"}],"inLanguage":"en-US"},{"@type":"Organization","@id":"https:\/\/amplifiedcreations.com\/#organization","name":"amplified creations","url":"https:\/\/amplifiedcreations.com\/","logo":{"@type":"ImageObject","inLanguage":"en-US","@id":"https:\/\/amplifiedcreations.com\/#\/schema\/logo\/image\/","url":"https:\/\/i2.wp.com\/amplifiedcreations.com\/wp-content\/uploads\/2018\/01\/Logo_and_morestuff.jpg?fit=1000%2C808&ssl=1","contentUrl":"https:\/\/i2.wp.com\/amplifiedcreations.com\/wp-content\/uploads\/2018\/01\/Logo_and_morestuff.jpg?fit=1000%2C808&ssl=1","width":1000,"height":808,"caption":"amplified creations"},"image":{"@id":"https:\/\/amplifiedcreations.com\/#\/schema\/logo\/image\/"},"sameAs":["https:\/\/www.facebook.com\/amplifiedcreations\/","https:\/\/twitter.com\/werampcreations","https:\/\/www.instagram.com\/amplifiedcreations\/","https:\/\/www.linkedin.com\/company\/10042537\/","https:\/\/www.youtube.com\/user\/WeRAmpCreations"]}]}},"jetpack_sharing_enabled":true,"jetpack_shortlink":"https:\/\/wp.me\/P9nZ9P-fI","acf":[],"_links":{"self":[{"href":"https:\/\/amplifiedcreations.com\/en\/wp-json\/wp\/v2\/pages\/974"}],"collection":[{"href":"https:\/\/amplifiedcreations.com\/en\/wp-json\/wp\/v2\/pages"}],"about":[{"href":"https:\/\/amplifiedcreations.com\/en\/wp-json\/wp\/v2\/types\/page"}],"author":[{"embeddable":true,"href":"https:\/\/amplifiedcreations.com\/en\/wp-json\/wp\/v2\/users\/1"}],"replies":[{"embeddable":true,"href":"https:\/\/amplifiedcreations.com\/en\/wp-json\/wp\/v2\/comments?post=974"}],"version-history":[{"count":5,"href":"https:\/\/amplifiedcreations.com\/en\/wp-json\/wp\/v2\/pages\/974\/revisions"}],"predecessor-version":[{"id":1159,"href":"https:\/\/amplifiedcreations.com\/en\/wp-json\/wp\/v2\/pages\/974\/revisions\/1159"}],"wp:attachment":[{"href":"https:\/\/amplifiedcreations.com\/en\/wp-json\/wp\/v2\/media?parent=974"}],"curies":[{"name":"wp","href":"https:\/\/api.w.org\/{rel}","templated":true}]}}